{"id":2977,"date":"2025-10-29T04:22:20","date_gmt":"2025-10-29T04:22:20","guid":{"rendered":"https:\/\/marketingprogrowth.com\/?page_id=2977"},"modified":"2025-11-06T06:44:07","modified_gmt":"2025-11-06T06:44:07","slug":"sobre-nina","status":"publish","type":"page","link":"https:\/\/marketingprogrowth.com\/es\/sobre-nina\/","title":{"rendered":"About Nina"},"content":{"rendered":"<div data-elementor-type=\"wp-page\" data-elementor-id=\"2977\" class=\"elementor elementor-2977\" data-elementor-post-type=\"page\">\n\t\t\t\t<div class=\"elementor-element elementor-element-d6ec808 e-con-full e-flex e-con e-parent\" data-id=\"d6ec808\" data-element_type=\"container\" data-e-type=\"container\">\n\t\t\t\t<div class=\"elementor-element elementor-element-a68d1d4 elementor-widget elementor-widget-template\" data-id=\"a68d1d4\" data-element_type=\"widget\" data-e-type=\"widget\" data-widget_type=\"template.default\">\n\t\t\t\t<div class=\"elementor-widget-container\">\n\t\t\t\t\t\t\t<div class=\"elementor-template\">\n\t\t\t\t\t<div data-elementor-type=\"section\" data-elementor-id=\"2983\" class=\"elementor elementor-2983\" data-elementor-post-type=\"elementor_library\">\n\t\t\t<div class=\"elementor-element elementor-element-549fa24 e-flex e-con-boxed e-con e-parent\" data-id=\"549fa24\" data-element_type=\"container\" data-e-type=\"container\" data-settings=\"{&quot;background_background&quot;:&quot;classic&quot;}\">\n\t\t\t\t\t<div class=\"e-con-inner\">\n\t\t<div class=\"elementor-element elementor-element-ea29dc2 e-con-full e-flex e-con e-child\" data-id=\"ea29dc2\" data-element_type=\"container\" data-e-type=\"container\">\n\t\t\t\t<div class=\"elementor-element elementor-element-f51e385 elementor-invisible elementor-widget elementor-widget-heading\" data-id=\"f51e385\" data-element_type=\"widget\" data-e-type=\"widget\" data-settings=\"{&quot;_animation&quot;:&quot;slideInDown&quot;,&quot;_animation_delay&quot;:150,&quot;_animation_mobile&quot;:&quot;none&quot;}\" data-widget_type=\"heading.default\">\n\t\t\t\t\t<h2 class=\"elementor-heading-title elementor-size-default\">At Marketing Pro Growth (MPG)<\/h2>\t\t\t\t<\/div>\n\t\t\t\t<\/div>\n\t\t<div class=\"elementor-element elementor-element-ed77723 e-con-full e-flex e-con e-child\" data-id=\"ed77723\" data-element_type=\"container\" data-e-type=\"container\">\n\t\t<div class=\"elementor-element elementor-element-03c369b e-con-full e-flex e-con e-child\" data-id=\"03c369b\" data-element_type=\"container\" data-e-type=\"container\">\n\t\t\t\t<div class=\"elementor-element elementor-element-385b9ee elementor-invisible elementor-widget elementor-widget-heading\" data-id=\"385b9ee\" data-element_type=\"widget\" data-e-type=\"widget\" data-settings=\"{&quot;_animation&quot;:&quot;slideInLeft&quot;,&quot;_animation_delay&quot;:200,&quot;_animation_mobile&quot;:&quot;none&quot;}\" data-widget_type=\"heading.default\">\n\t\t\t\t\t<p class=\"elementor-heading-title elementor-size-default\">we specialize in helping healthcare organizations grow with purpose. From primary care groups and specialty practices to insurance agencies, health plans, and medical networks, we understand the unique dynamics of patient engagement, provider branding, and community trust.<br><br>\nOur team connects the dots between strategy and execution \u2014 combining deep healthcare insight with modern marketing practices to deliver measurable results. We bring data, creativity, and collaboration together to design marketing systems\n<\/p>\t\t\t\t<\/div>\n\t\t\t\t<\/div>\n\t\t<div class=\"elementor-element elementor-element-c8ddffc e-con-full e-flex e-con e-child\" data-id=\"c8ddffc\" data-element_type=\"container\" data-e-type=\"container\" data-settings=\"{&quot;background_background&quot;:&quot;classic&quot;}\">\n\t\t\t\t<\/div>\n\t\t\t\t<\/div>\n\t\t<div class=\"elementor-element elementor-element-ae5e0f5 e-con-full e-flex e-con e-child\" data-id=\"ae5e0f5\" data-element_type=\"container\" data-e-type=\"container\">\n\t\t<div class=\"elementor-element elementor-element-ec88a65 e-con-full e-flex e-con e-child\" data-id=\"ec88a65\" data-element_type=\"container\" data-e-type=\"container\" data-settings=\"{&quot;background_background&quot;:&quot;classic&quot;}\">\n\t\t\t\t<\/div>\n\t\t<div class=\"elementor-element elementor-element-555e346 e-con-full e-flex e-con e-child\" data-id=\"555e346\" data-element_type=\"container\" data-e-type=\"container\">\n\t\t\t\t<div class=\"elementor-element elementor-element-91ca44d elementor-invisible elementor-widget elementor-widget-heading\" data-id=\"91ca44d\" data-element_type=\"widget\" data-e-type=\"widget\" data-settings=\"{&quot;_animation&quot;:&quot;slideInRight&quot;,&quot;_animation_delay&quot;:200,&quot;_animation_mobile&quot;:&quot;none&quot;}\" data-widget_type=\"heading.default\">\n\t\t\t\t\t<p class=\"elementor-heading-title elementor-size-default\">that attract, retain, and engage patients while strengthening your brand\u2019s reputation and visibility.<br><br>\nGrowth in healthcare isn\u2019t simple \u2014 it takes vision, adaptability, and the courage to tackle difficult challenges head-on. At MPG, we embrace that process. Whether launching a new medical center, expanding into a new market, or redefining patient and broker engagement, we turn strategy into sustainable growth \u2014 helping organizations thrive in a complex and ever-changing landscape.\n<\/p>\t\t\t\t<\/div>\n\t\t\t\t<\/div>\n\t\t\t\t<\/div>\n\t\t\t\t\t<\/div>\n\t\t\t\t<\/div>\n\t\t<div class=\"elementor-element elementor-element-75b2e60 e-flex e-con-boxed e-con e-parent\" data-id=\"75b2e60\" data-element_type=\"container\" data-e-type=\"container\" data-settings=\"{&quot;background_background&quot;:&quot;classic&quot;,&quot;shape_divider_bottom&quot;:&quot;triangle&quot;}\">\n\t\t\t\t\t<div class=\"e-con-inner\">\n\t\t\t\t<div class=\"elementor-shape elementor-shape-bottom\" aria-hidden=\"true\" data-negative=\"false\">\n\t\t\t<svg xmlns=\"http:\/\/www.w3.org\/2000\/svg\" viewbox=\"0 0 1000 100\" preserveaspectratio=\"none\">\n\t<path class=\"elementor-shape-fill\" d=\"M500,98.9L0,6.1V0h1000v6.1L500,98.9z\"\/>\n<\/svg>\t\t<\/div>\n\t\t\t\t<div class=\"elementor-element elementor-element-d6ca966 elementor-absolute elementor-widget elementor-widget-menu-anchor\" data-id=\"d6ca966\" data-element_type=\"widget\" data-e-type=\"widget\" data-settings=\"{&quot;_position&quot;:&quot;absolute&quot;}\" data-widget_type=\"menu-anchor.default\">\n\t\t\t\t\t\t\t<div class=\"elementor-menu-anchor\" id=\"cmss\"><\/div>\n\t\t\t\t\t\t<\/div>\n\t\t\t\t<div class=\"elementor-element elementor-element-19d6957 elementor-widget elementor-widget-heading\" data-id=\"19d6957\" data-element_type=\"widget\" data-e-type=\"widget\" data-widget_type=\"heading.default\">\n\t\t\t\t\t<h3 class=\"elementor-heading-title elementor-size-default\">Meet our Founder<\/h3>\t\t\t\t<\/div>\n\t\t\t\t\t<\/div>\n\t\t\t\t<\/div>\n\t\t<div class=\"elementor-element elementor-element-63bde54 e-con-full e-flex e-con e-parent\" data-id=\"63bde54\" data-element_type=\"container\" data-e-type=\"container\">\n\t\t<div class=\"elementor-element elementor-element-f09425b e-con-full e-flex e-con e-child\" data-id=\"f09425b\" data-element_type=\"container\" data-e-type=\"container\" data-settings=\"{&quot;background_background&quot;:&quot;classic&quot;}\">\n\t\t\t\t<div class=\"elementor-element elementor-element-4f8b93b elementor-invisible elementor-widget elementor-widget-heading\" data-id=\"4f8b93b\" data-element_type=\"widget\" data-e-type=\"widget\" data-settings=\"{&quot;_animation&quot;:&quot;slideInRight&quot;,&quot;_animation_delay&quot;:100,&quot;_animation_mobile&quot;:&quot;none&quot;}\" data-widget_type=\"heading.default\">\n\t\t\t\t\t<h2 class=\"elementor-heading-title elementor-size-default\">Nina Sinisterra<\/h2>\t\t\t\t<\/div>\n\t\t\t\t<div class=\"elementor-element elementor-element-61a189b elementor-invisible elementor-widget elementor-widget-heading\" data-id=\"61a189b\" data-element_type=\"widget\" data-e-type=\"widget\" data-settings=\"{&quot;_animation&quot;:&quot;slideInRight&quot;,&quot;_animation_delay&quot;:150,&quot;_animation_mobile&quot;:&quot;none&quot;}\" data-widget_type=\"heading.default\">\n\t\t\t\t\t<h5 class=\"elementor-heading-title elementor-size-default\">Fundadora y experta en marketing que conecta personas, tecnolog\u00eda y herramientas.<\/h5>\t\t\t\t<\/div>\n\t\t\t\t<div class=\"elementor-element elementor-element-794784a elementor-invisible elementor-widget elementor-widget-heading\" data-id=\"794784a\" data-element_type=\"widget\" data-e-type=\"widget\" data-settings=\"{&quot;_animation&quot;:&quot;slideInRight&quot;,&quot;_animation_delay&quot;:200,&quot;_animation_mobile&quot;:&quot;none&quot;}\" data-widget_type=\"heading.default\">\n\t\t\t\t\t<p class=\"elementor-heading-title elementor-size-default\">La historia de Nina Sinisterra es digna de un libro, o quiz\u00e1s de una serie de Netflix. Inmigrante colombiana desde el a\u00f1o 2000, lleg\u00f3 con grandes sue\u00f1os y una determinaci\u00f3n a\u00fan mayor. Obtuvo una beca de la Universidad Javeriana para estudiar en la Universidad de Miami y posteriormente se gradu\u00f3 de la FIU con una licenciatura en Administraci\u00f3n de Empresas, con especializaci\u00f3n en Marketing. No se detuvo ah\u00ed y complet\u00f3 su MBA en la Universidad Nova Southeastern.<\/p>\t\t\t\t<\/div>\n\t\t\t\t<div class=\"elementor-element elementor-element-b796307 sche elementor-invisible elementor-widget elementor-widget-tp-advanced-buttons\" data-id=\"b796307\" data-element_type=\"widget\" data-e-type=\"widget\" data-settings=\"{&quot;_animation&quot;:&quot;fadeInUp&quot;,&quot;_animation_delay&quot;:250}\" data-widget_type=\"tp-advanced-buttons.default\">\n\t\t\t\t\t<div class=\"pt-plus-adv-button-wrapper\" ><div id=\"advbutton69d07e1f4f047\" class=\"pt_plus_adv_button  ab-cta  tp_cta_st_1\" ><a href=\"#\" class=\"adv-button-link-wrap\" role=\"button\"><span>Crezcamos Juntos!<\/span><\/a><\/div><\/div>\t\t\t\t<\/div>\n\t\t\t\t<\/div>\n\t\t<div class=\"elementor-element elementor-element-b80959f e-con-full e-flex e-con e-child\" data-id=\"b80959f\" data-element_type=\"container\" data-e-type=\"container\" data-settings=\"{&quot;background_background&quot;:&quot;classic&quot;}\">\n\t\t\t\t<div class=\"elementor-element elementor-element-d7cf67b elementor-invisible elementor-widget elementor-widget-image\" data-id=\"d7cf67b\" data-element_type=\"widget\" data-e-type=\"widget\" data-settings=\"{&quot;_animation&quot;:&quot;fadeIn&quot;,&quot;_animation_mobile&quot;:&quot;none&quot;}\" data-widget_type=\"image.default\">\n\t\t\t\t\t\t\t\t\t\t\t\t\t\t\t<img fetchpriority=\"high\" decoding=\"async\" width=\"1400\" height=\"1896\" src=\"https:\/\/marketingprogrowth.com\/wp-content\/uploads\/2025\/09\/me3-e1758573850832.webp\" class=\"attachment-full size-full wp-image-1385\" alt=\"\" srcset=\"https:\/\/marketingprogrowth.com\/wp-content\/uploads\/2025\/09\/me3-e1758573850832.webp 1400w, https:\/\/marketingprogrowth.com\/wp-content\/uploads\/2025\/09\/me3-e1758573850832-222x300.webp 222w, https:\/\/marketingprogrowth.com\/wp-content\/uploads\/2025\/09\/me3-e1758573850832-756x1024.webp 756w, https:\/\/marketingprogrowth.com\/wp-content\/uploads\/2025\/09\/me3-e1758573850832-768x1040.webp 768w, https:\/\/marketingprogrowth.com\/wp-content\/uploads\/2025\/09\/me3-e1758573850832-1134x1536.webp 1134w, https:\/\/marketingprogrowth.com\/wp-content\/uploads\/2025\/09\/me3-e1758573850832-9x12.webp 9w\" sizes=\"(max-width: 1400px) 100vw, 1400px\" \/>\t\t\t\t\t\t\t\t\t\t\t\t\t\t\t<\/div>\n\t\t\t\t<\/div>\n\t\t\t\t<\/div>\n\t\t<div class=\"elementor-element elementor-element-d80ae6d e-con-full e-flex e-con e-parent\" data-id=\"d80ae6d\" data-element_type=\"container\" data-e-type=\"container\">\n\t\t<div class=\"elementor-element elementor-element-4daf695 e-flex e-con-boxed e-con e-child\" data-id=\"4daf695\" data-element_type=\"container\" data-e-type=\"container\" data-settings=\"{&quot;background_background&quot;:&quot;classic&quot;}\">\n\t\t\t\t\t<div class=\"e-con-inner\">\n\t\t<div class=\"elementor-element elementor-element-95b22e0 e-con-full e-flex e-con e-child\" data-id=\"95b22e0\" data-element_type=\"container\" data-e-type=\"container\" data-settings=\"{&quot;background_background&quot;:&quot;classic&quot;}\">\n\t\t\t\t<div class=\"elementor-element elementor-element-91ca9e9 elementor-invisible elementor-widget elementor-widget-tp-site-logo\" data-id=\"91ca9e9\" data-element_type=\"widget\" data-e-type=\"widget\" data-settings=\"{&quot;_animation&quot;:&quot;fadeIn&quot;,&quot;_animation_mobile&quot;:&quot;none&quot;}\" data-widget_type=\"tp-site-logo.default\">\n\t\t\t\t\t<div class=\"plus-site-logo\"><div class=\"site-logo-wrap\"><a href=\"https:\/\/marketingprogrowth.com\/es\"  title=\"Marketing Pro Growth\" class=\"site-normal-logo image-logo\" ><img decoding=\"async\" src=\"https:\/\/marketingprogrowth.com\/wp-content\/uploads\/2025\/09\/mainLogo-small.webp\" class=\"image-logo-wrap normal-image\" alt=\"Marketing Pro Growth\"><\/a><\/div><\/div>\t\t\t\t<\/div>\n\t\t\t\t<div class=\"elementor-element elementor-element-8ad75d1 elementor-invisible elementor-widget elementor-widget-heading\" data-id=\"8ad75d1\" data-element_type=\"widget\" data-e-type=\"widget\" data-settings=\"{&quot;_animation&quot;:&quot;slideInRight&quot;,&quot;_animation_delay&quot;:100,&quot;_animation_mobile&quot;:&quot;none&quot;}\" data-widget_type=\"heading.default\">\n\t\t\t\t\t<h2 class=\"elementor-heading-title elementor-size-default\">Nina Sinisterra<\/h2>\t\t\t\t<\/div>\n\t\t\t\t<div class=\"elementor-element elementor-element-b0d6775 elementor-widget-divider--view-line elementor-invisible elementor-widget elementor-widget-divider\" data-id=\"b0d6775\" data-element_type=\"widget\" data-e-type=\"widget\" data-settings=\"{&quot;_animation&quot;:&quot;fadeIn&quot;,&quot;_animation_delay&quot;:125,&quot;_animation_mobile&quot;:&quot;none&quot;}\" data-widget_type=\"divider.default\">\n\t\t\t\t\t\t\t<div class=\"elementor-divider\">\n\t\t\t<span class=\"elementor-divider-separator\">\n\t\t\t\t\t\t<\/span>\n\t\t<\/div>\n\t\t\t\t\t\t<\/div>\n\t\t\t\t<\/div>\n\t\t<div class=\"elementor-element elementor-element-b7a7d98 e-con-full e-flex e-con e-child\" data-id=\"b7a7d98\" data-element_type=\"container\" data-e-type=\"container\">\n\t\t<div class=\"elementor-element elementor-element-0e695c0 e-con-full e-flex elementor-invisible e-con e-child\" data-id=\"0e695c0\" data-element_type=\"container\" data-e-type=\"container\" data-settings=\"{&quot;animation&quot;:&quot;slideInRight&quot;,&quot;animation_delay&quot;:150,&quot;animation_mobile&quot;:&quot;none&quot;}\">\n\t\t<div class=\"elementor-element elementor-element-8cfd2e6 e-con-full e-flex e-con e-child\" data-id=\"8cfd2e6\" data-element_type=\"container\" data-e-type=\"container\">\n\t\t\t\t<div class=\"elementor-element elementor-element-48666b9 elementor-widget elementor-widget-heading\" data-id=\"48666b9\" data-element_type=\"widget\" data-e-type=\"widget\" data-settings=\"{&quot;_animation_mobile&quot;:&quot;none&quot;}\" data-widget_type=\"heading.default\">\n\t\t\t\t\t<h6 class=\"elementor-heading-title elementor-size-default\"><span>Mientras estudiaba en la FIU y se manten\u00eda trabajando como recepcionista en un consultorio m\u00e9dico, Nina se enamor\u00f3 del sector salud, y el resto es historia. En los \u00faltimos 20 a\u00f1os, se ha convertido en una figura clave del marketing en el sector salud, trabajando con organizaciones de primer nivel como Baptist Health, Conviva (empresa de Humana) y compa\u00f1\u00edas de salud respaldadas por capital privado. Ha creado equipos desde cero hasta conformar equipos de 21 miembros de alto impacto, ha gestionado campa\u00f1as con presupuestos de entre 0 y 40 millones de d\u00f3lares, y ha liderado cambios de marca y transformaciones digitales que han dejado huella en toda la industria.<\/span><\/h6>\t\t\t\t<\/div>\n\t\t\t\t<\/div>\n\t\t<div class=\"elementor-element elementor-element-6072ed4 e-con-full e-flex e-con e-child\" data-id=\"6072ed4\" data-element_type=\"container\" data-e-type=\"container\">\n\t\t\t\t<div class=\"elementor-element elementor-element-6b006e8 elementor-widget elementor-widget-heading\" data-id=\"6b006e8\" data-element_type=\"widget\" data-e-type=\"widget\" data-settings=\"{&quot;_animation_mobile&quot;:&quot;none&quot;}\" data-widget_type=\"heading.default\">\n\t\t\t\t\t<h6 class=\"elementor-heading-title elementor-size-default\">Pero Nina no solo es una genio del marketing, sino que tambi\u00e9n tiene un coraz\u00f3n de oro. Casada con Carlos G\u00f3mez desde el D\u00eda de San Valent\u00edn de 2004 (s\u00ed, es de las que se enamoran de \u00e9l), es la orgullosa madre de la maravillosa Emilia G\u00f3mez. Reconocida por su dedicaci\u00f3n, sus principios \u00e9ticos y su compromiso con el cumplimiento de las normas, Nina se ha ganado una reputaci\u00f3n como l\u00edder de confianza en el marketing del sector salud.<\/h6>\t\t\t\t<\/div>\n\t\t\t\t<div class=\"elementor-element elementor-element-0acc660 elementor-widget elementor-widget-heading\" data-id=\"0acc660\" data-element_type=\"widget\" data-e-type=\"widget\" data-settings=\"{&quot;_animation_mobile&quot;:&quot;none&quot;}\" data-widget_type=\"heading.default\">\n\t\t\t\t\t<h6 class=\"elementor-heading-title elementor-size-default\">Hoy en d\u00eda, canaliza su experiencia para ayudar a las empresas a promocionarse y crecer a trav\u00e9s de Marketing Pro Growth, convirtiendo la visi\u00f3n en resultados, la estrategia en acci\u00f3n y las campa\u00f1as en ingresos reales.<\/h6>\t\t\t\t<\/div>\n\t\t\t\t<\/div>\n\t\t\t\t<\/div>\n\t\t<div class=\"elementor-element elementor-element-1dc3b0f e-con-full animated-fast e-flex elementor-invisible e-con e-child\" data-id=\"1dc3b0f\" data-element_type=\"container\" data-e-type=\"container\" data-settings=\"{&quot;animation&quot;:&quot;slideInRight&quot;,&quot;animation_delay&quot;:300}\">\n\t\t\t\t<div class=\"elementor-element elementor-element-a1901d6 sche elementor-widget elementor-widget-tp-advanced-buttons\" data-id=\"a1901d6\" data-element_type=\"widget\" data-e-type=\"widget\" data-widget_type=\"tp-advanced-buttons.default\">\n\t\t\t\t\t<div class=\"pt-plus-adv-button-wrapper\" ><div id=\"advbutton69d07e1f6acfb\" class=\"pt_plus_adv_button  ab-cta  tp_cta_st_1\" ><a href=\"#\" class=\"adv-button-link-wrap\" role=\"button\"><span>Crezcamos Juntos!<\/span><\/a><\/div><\/div>\t\t\t\t<\/div>\n\t\t\t\t<div class=\"elementor-element elementor-element-70e69d9 elementor-grid-2 e-grid-align-right elementor-shape-rounded elementor-widget elementor-widget-social-icons\" data-id=\"70e69d9\" data-element_type=\"widget\" data-e-type=\"widget\" data-widget_type=\"social-icons.default\">\n\t\t\t\t\t\t\t<div class=\"elementor-social-icons-wrapper elementor-grid\" role=\"list\">\n\t\t\t\t\t\t\t<span class=\"elementor-grid-item\" role=\"listitem\">\n\t\t\t\t\t<a class=\"elementor-icon elementor-social-icon elementor-social-icon-linkedin-in elementor-repeater-item-e04e187\" target=\"_blank\">\n\t\t\t\t\t\t<span class=\"elementor-screen-only\">Linkedin-in<\/span>\n\t\t\t\t\t\t<svg aria-hidden=\"true\" class=\"e-font-icon-svg e-fab-linkedin-in\" viewbox=\"0 0 448 512\" xmlns=\"http:\/\/www.w3.org\/2000\/svg\"><path d=\"M100.28 448H7.4V148.9h92.88zM53.79 108.1C24.09 108.1 0 83.5 0 53.8a53.79 53.79 0 0 1 107.58 0c0 29.7-24.1 54.3-53.79 54.3zM447.9 448h-92.68V302.4c0-34.7-.7-79.2-48.29-79.2-48.29 0-55.69 37.7-55.69 76.7V448h-92.78V148.9h89.08v40.8h1.3c12.4-23.5 42.69-48.3 87.88-48.3 94 0 111.28 61.9 111.28 142.3V448z\"><\/path><\/svg>\t\t\t\t\t<\/a>\n\t\t\t\t<\/span>\n\t\t\t\t\t\t\t<span class=\"elementor-grid-item\" role=\"listitem\">\n\t\t\t\t\t<a class=\"elementor-icon elementor-social-icon elementor-social-icon-instagram elementor-repeater-item-dd8e34e\" target=\"_blank\">\n\t\t\t\t\t\t<span class=\"elementor-screen-only\">Instagram<\/span>\n\t\t\t\t\t\t<svg aria-hidden=\"true\" class=\"e-font-icon-svg e-fab-instagram\" viewbox=\"0 0 448 512\" xmlns=\"http:\/\/www.w3.org\/2000\/svg\"><path d=\"M224.1 141c-63.6 0-114.9 51.3-114.9 114.9s51.3 114.9 114.9 114.9S339 319.5 339 255.9 287.7 141 224.1 141zm0 189.6c-41.1 0-74.7-33.5-74.7-74.7s33.5-74.7 74.7-74.7 74.7 33.5 74.7 74.7-33.6 74.7-74.7 74.7zm146.4-194.3c0 14.9-12 26.8-26.8 26.8-14.9 0-26.8-12-26.8-26.8s12-26.8 26.8-26.8 26.8 12 26.8 26.8zm76.1 27.2c-1.7-35.9-9.9-67.7-36.2-93.9-26.2-26.2-58-34.4-93.9-36.2-37-2.1-147.9-2.1-184.9 0-35.8 1.7-67.6 9.9-93.9 36.1s-34.4 58-36.2 93.9c-2.1 37-2.1 147.9 0 184.9 1.7 35.9 9.9 67.7 36.2 93.9s58 34.4 93.9 36.2c37 2.1 147.9 2.1 184.9 0 35.9-1.7 67.7-9.9 93.9-36.2 26.2-26.2 34.4-58 36.2-93.9 2.1-37 2.1-147.8 0-184.8zM398.8 388c-7.8 19.6-22.9 34.7-42.6 42.6-29.5 11.7-99.5 9-132.1 9s-102.7 2.6-132.1-9c-19.6-7.8-34.7-22.9-42.6-42.6-11.7-29.5-9-99.5-9-132.1s-2.6-102.7 9-132.1c7.8-19.6 22.9-34.7 42.6-42.6 29.5-11.7 99.5-9 132.1-9s102.7-2.6 132.1 9c19.6 7.8 34.7 22.9 42.6 42.6 11.7 29.5 9 99.5 9 132.1s2.7 102.7-9 132.1z\"><\/path><\/svg>\t\t\t\t\t<\/a>\n\t\t\t\t<\/span>\n\t\t\t\t\t<\/div>\n\t\t\t\t\t\t<\/div>\n\t\t\t\t<\/div>\n\t\t\t\t<\/div>\n\t\t\t\t\t<\/div>\n\t\t\t\t<\/div>\n\t\t<div class=\"elementor-element elementor-element-4ffc013 e-con-full e-flex e-con e-child\" data-id=\"4ffc013\" data-element_type=\"container\" data-e-type=\"container\" data-settings=\"{&quot;background_background&quot;:&quot;classic&quot;}\">\n\t\t\t\t<div class=\"elementor-element elementor-element-dc3da99 elementor-widget elementor-widget-tp-heading-animation\" data-id=\"dc3da99\" data-element_type=\"widget\" data-e-type=\"widget\" data-widget_type=\"tp-heading-animation.default\">\n\t\t\t\t\t<style>.elementor-element-dc3da99{display:none !important}<\/style>\t\t\t\t<\/div>\n\t\t\t\t<div class=\"elementor-element elementor-element-1094b9c elementor-widget elementor-widget-tp-heading-animation\" data-id=\"1094b9c\" data-element_type=\"widget\" data-e-type=\"widget\" data-widget_type=\"tp-heading-animation.default\">\n\t\t\t\t\t<style>.heading-animation69d07e1f6f53b .pt-plus-cd-headline.loading-bar .cd-words-wrapper::after{background-color: #313131;}<\/style><div class=\"pt-plus-heading-animation heading-animation head-anim-style-1  heading-animation69d07e1f6f53b\"  ><h1 class=\"pt-plus-cd-headline letters type\" ><span >Nina conecta con los dem\u00e1s de coraz\u00f3n. <\/span><span class=\"cd-words-wrapper waiting\" style=\"background: #d3d3d3;\"><b  class=\"is-visible\"> Si quieres que tu marketing realmente funcione,<\/b><\/span><span > \u2014 ll\u00e1mala. <\/span><\/h1><\/div>\t\t\t\t<\/div>\n\t\t\t\t<\/div>\n\t\t\t\t<\/div>\n\t\t\t\t<\/div>\n\t\t\t\t<\/div>\n\t\t\t\t\t\t<\/div>\n\t\t\t\t<\/div>\n\t\t\t\t<div class=\"elementor-element elementor-element-9cc8360 elementor-absolute elementor-widget elementor-widget-button\" data-id=\"9cc8360\" data-element_type=\"widget\" data-e-type=\"widget\" data-settings=\"{&quot;_position&quot;:&quot;absolute&quot;}\" data-widget_type=\"button.default\">\n\t\t\t\t\t\t\t\t\t\t<a class=\"elementor-button elementor-button-link elementor-size-sm\" href=\"#elementor-action%3Aaction%3Dpopup%3Aopen%26settings%3DeyJpZCI6IjE0MzAiLCJ0b2dnbGUiOmZhbHNlfQ%3D%3D\" id=\"sche\">\n\t\t\t\t\t\t<span class=\"elementor-button-content-wrapper\">\n\t\t\t\t\t\t\t\t\t<span class=\"elementor-button-text\">Click here<\/span>\n\t\t\t\t\t<\/span>\n\t\t\t\t\t<\/a>\n\t\t\t\t\t\t\t\t<\/div>\n\t\t\t\t<\/div>\n\t\t\t\t<\/div>","protected":false},"excerpt":{"rendered":"<p>Click here<\/p>","protected":false},"author":1,"featured_media":0,"parent":0,"menu_order":0,"comment_status":"closed","ping_status":"closed","template":"","meta":{"footnotes":""},"class_list":["post-2977","page","type-page","status-publish","hentry"],"_links":{"self":[{"href":"https:\/\/marketingprogrowth.com\/es\/wp-json\/wp\/v2\/pages\/2977","targetHints":{"allow":["GET"]}}],"collection":[{"href":"https:\/\/marketingprogrowth.com\/es\/wp-json\/wp\/v2\/pages"}],"about":[{"href":"https:\/\/marketingprogrowth.com\/es\/wp-json\/wp\/v2\/types\/page"}],"author":[{"embeddable":true,"href":"https:\/\/marketingprogrowth.com\/es\/wp-json\/wp\/v2\/users\/1"}],"replies":[{"embeddable":true,"href":"https:\/\/marketingprogrowth.com\/es\/wp-json\/wp\/v2\/comments?post=2977"}],"version-history":[{"count":0,"href":"https:\/\/marketingprogrowth.com\/es\/wp-json\/wp\/v2\/pages\/2977\/revisions"}],"wp:attachment":[{"href":"https:\/\/marketingprogrowth.com\/es\/wp-json\/wp\/v2\/media?parent=2977"}],"curies":[{"name":"wp","href":"https:\/\/api.w.org\/{rel}","templated":true}]}}